{"id":15,"date":"2025-12-30T11:59:29","date_gmt":"2025-12-30T11:59:29","guid":{"rendered":"https:\/\/haja.pt\/?page_id=15"},"modified":"2026-01-04T22:34:27","modified_gmt":"2026-01-04T22:34:27","slug":"homepage","status":"publish","type":"page","link":"https:\/\/haja.pt\/","title":{"rendered":"Homepage"},"content":{"rendered":"\t\t<div data-elementor-type=\"wp-post\" data-elementor-id=\"15\" class=\"elementor elementor-15\" data-elementor-post-type=\"page\">\n\t\t\t\t<div class=\"elementor-element elementor-element-feea49b e-flex e-con-boxed e-con e-parent\" data-id=\"feea49b\" data-element_type=\"container\">\n\t\t\t\t\t<div class=\"e-con-inner\">\n\t\t\t\t<div class=\"elementor-element elementor-element-7118bda elementor-widget elementor-widget-text-editor\" data-id=\"7118bda\" data-element_type=\"widget\" data-widget_type=\"text-editor.default\">\n\t\t\t\t\t\t\t\t\t<p data-start=\"232\" data-end=\"268\"><strong data-start=\"232\" data-end=\"268\">Estamos a construir algo novo \ud83d\udea7<\/strong><\/p><p data-start=\"270\" data-end=\"426\">Estamos a trabalhar na cria\u00e7\u00e3o de um novo site com o objetivo de melhorar os nossos servi\u00e7os, conte\u00fados e experi\u00eancia digital.<\/p><p data-start=\"428\" data-end=\"489\">Em breve estaremos de volta com uma presen\u00e7a online renovada. Estamos temporariamente em constru\u00e7\u00e3o, mas continuamos totalmente operacionais.<\/p><p data-start=\"907\" data-end=\"953\">\u00a0<\/p><p data-start=\"491\" data-end=\"582\">\ud83d\udc49 <strong data-start=\"494\" data-end=\"520\">Para assuntos urgentes<\/strong>, por favor contacte-nos atrav\u00e9s do email:<br data-start=\"562\" data-end=\"565\" \/><strong data-start=\"565\" data-end=\"582\"><a class=\"decorated-link cursor-pointer\" rel=\"noopener\" data-start=\"567\" data-end=\"580\">geral@haja.pt<\/a><\/strong><\/p><p data-start=\"584\" data-end=\"614\">Obrigado pela sua compreens\u00e3o.<\/p>\t\t\t\t\t\t\t\t<\/div>\n\t\t\t\t\t<\/div>\n\t\t\t\t<\/div>\n\t\t\t\t<\/div>\n\t\t","protected":false},"excerpt":{"rendered":"<p>Estamos a construir algo novo &#x1f6a7; Estamos a trabalhar na cria\u00e7\u00e3o de um novo site com o objetivo de melhorar os nossos servi\u00e7os, conte\u00fados e experi\u00eancia digital. Em breve estaremos de volta com uma presen\u00e7a online renovada. Estamos temporariamente em constru\u00e7\u00e3o, mas continuamos totalmente operacionais. \u00a0 &#x1f449; Para assuntos urgentes, por favor contacte-nos atrav\u00e9s do [&hellip;]<\/p>\n","protected":false},"author":1,"featured_media":0,"parent":0,"menu_order":0,"comment_status":"closed","ping_status":"closed","template":"","meta":{"footnotes":""},"class_list":["post-15","page","type-page","status-publish","hentry"],"_links":{"self":[{"href":"https:\/\/haja.pt\/index.php?rest_route=\/wp\/v2\/pages\/15","targetHints":{"allow":["GET"]}}],"collection":[{"href":"https:\/\/haja.pt\/index.php?rest_route=\/wp\/v2\/pages"}],"about":[{"href":"https:\/\/haja.pt\/index.php?rest_route=\/wp\/v2\/types\/page"}],"author":[{"embeddable":true,"href":"https:\/\/haja.pt\/index.php?rest_route=\/wp\/v2\/users\/1"}],"replies":[{"embeddable":true,"href":"https:\/\/haja.pt\/index.php?rest_route=%2Fwp%2Fv2%2Fcomments&post=15"}],"version-history":[{"count":12,"href":"https:\/\/haja.pt\/index.php?rest_route=\/wp\/v2\/pages\/15\/revisions"}],"predecessor-version":[{"id":79,"href":"https:\/\/haja.pt\/index.php?rest_route=\/wp\/v2\/pages\/15\/revisions\/79"}],"wp:attachment":[{"href":"https:\/\/haja.pt\/index.php?rest_route=%2Fwp%2Fv2%2Fmedia&parent=15"}],"curies":[{"name":"wp","href":"https:\/\/api.w.org\/{rel}","templated":true}]}}